{"id":12,"date":"2026-04-18T23:37:20","date_gmt":"2026-04-18T21:37:20","guid":{"rendered":"https:\/\/seineetoisecontrole.fr\/?page_id=12"},"modified":"2026-04-18T23:43:41","modified_gmt":"2026-04-18T21:43:41","slug":"accueil","status":"publish","type":"page","link":"https:\/\/seineetoisecontrole.fr\/index.php\/accueil\/","title":{"rendered":"Accueil"},"content":{"rendered":"\n<p>SEINE &amp; OISE CONTROLE<\/p>\n\n\n\n<p>Diagnostic immobilier \u2013 Nuisibles \u2013 \u00c9lectricit\u00e9<br>Intervention rapide en \u00cele-de-France<br>Devis gratuit \u2013 R\u00e9ponse rapide<\/p>\n\n\n\n<div class=\"wp-block-buttons is-layout-flex wp-block-buttons-is-layout-flex\">\n<div class=\"wp-block-button\"><a class=\"wp-block-button__link wp-element-button\">\ud83d\udcde 07 85 99 87 57<\/a><\/div>\n<\/div>\n\n\n\n<p>\ud83d\udce7 <a>contact@seineetoisecontrole.fr<\/a>     <\/p>\n\n\n\n<p> <\/p>\n\n\n\n<div class=\"wp-block-buttons is-layout-flex wp-block-buttons-is-layout-flex\">\n<div class=\"wp-block-button\"><a class=\"wp-block-button__link wp-element-button\">Demander un devis<\/a><\/div>\n<\/div>\n\n\n\n<h3 class=\"wp-block-heading\">Diagnostic immobilier<\/h3>\n\n\n\n<p>DPE mention, amiante mention, plomb, \u00e9lectricit\u00e9, gaz, termite<\/p>\n\n\n\n<h3 class=\"wp-block-heading\">Nuisibles<\/h3>\n\n\n\n<p>D\u00e9ratisation, d\u00e9sinsectisation et d\u00e9sinfection<\/p>\n\n\n\n<h3 class=\"wp-block-heading\">\u00c9lectricit\u00e9<\/h3>\n\n\n\n<p>Inspection, d\u00e9pannage, mise en s\u00e9curit\u00e9, tableau<\/p>\n","protected":false},"excerpt":{"rendered":"<p>SEINE &amp; OISE CONTROLE Diagnostic immobilier \u2013 Nuisibles \u2013 \u00c9lectricit\u00e9Intervention rapide en \u00cele-de-FranceDevis gratuit \u2013 R\u00e9ponse rapide \ud83d\udce7 contact@seineetoisecontrole.fr Diagnostic [&hellip;]<\/p>\n","protected":false},"author":1,"featured_media":0,"parent":0,"menu_order":0,"comment_status":"closed","ping_status":"closed","template":"","meta":{"site-sidebar-layout":"default","site-content-layout":"","ast-site-content-layout":"default","site-content-style":"default","site-sidebar-style":"default","ast-global-header-display":"","ast-banner-title-visibility":"","ast-main-header-display":"","ast-hfb-above-header-display":"","ast-hfb-below-header-display":"","ast-hfb-mobile-header-display":"","site-post-title":"","ast-breadcrumbs-content":"","ast-featured-img":"","footer-sml-layout":"","ast-disable-related-posts":"","theme-transparent-header-meta":"","adv-header-id-meta":"","stick-header-meta":"","header-above-stick-meta":"","header-main-stick-meta":"","header-below-stick-meta":"","astra-migrate-meta-layouts":"default","ast-page-background-enabled":"default","ast-page-background-meta":{"desktop":{"background-color":"var(--ast-global-color-5)","background-image":"","background-repeat":"repeat","background-position":"center center","background-size":"auto","background-attachment":"scroll","background-type":"","background-media":"","overlay-type":"","overlay-color":"","overlay-opacity":"","overlay-gradient":""},"tablet":{"background-color":"","background-image":"","background-repeat":"repeat","background-position":"center center","background-size":"auto","background-attachment":"scroll","background-type":"","background-media":"","overlay-type":"","overlay-color":"","overlay-opacity":"","overlay-gradient":""},"mobile":{"background-color":"","background-image":"","background-repeat":"repeat","background-position":"center center","background-size":"auto","background-attachment":"scroll","background-type":"","background-media":"","overlay-type":"","overlay-color":"","overlay-opacity":"","overlay-gradient":""}},"ast-content-background-meta":{"desktop":{"background-color":"var(--ast-global-color-4)","background-image":"","background-repeat":"repeat","background-position":"center center","background-size":"auto","background-attachment":"scroll","background-type":"","background-media":"","overlay-type":"","overlay-color":"","overlay-opacity":"","overlay-gradient":""},"tablet":{"background-color":"var(--ast-global-color-4)","background-image":"","background-repeat":"repeat","background-position":"center center","background-size":"auto","background-attachment":"scroll","background-type":"","background-media":"","overlay-type":"","overlay-color":"","overlay-opacity":"","overlay-gradient":""},"mobile":{"background-color":"var(--ast-global-color-4)","background-image":"","background-repeat":"repeat","background-position":"center center","background-size":"auto","background-attachment":"scroll","background-type":"","background-media":"","overlay-type":"","overlay-color":"","overlay-opacity":"","overlay-gradient":""}},"footnotes":""},"class_list":["post-12","page","type-page","status-publish","hentry"],"_links":{"self":[{"href":"https:\/\/seineetoisecontrole.fr\/index.php\/wp-json\/wp\/v2\/pages\/12","targetHints":{"allow":["GET"]}}],"collection":[{"href":"https:\/\/seineetoisecontrole.fr\/index.php\/wp-json\/wp\/v2\/pages"}],"about":[{"href":"https:\/\/seineetoisecontrole.fr\/index.php\/wp-json\/wp\/v2\/types\/page"}],"author":[{"embeddable":true,"href":"https:\/\/seineetoisecontrole.fr\/index.php\/wp-json\/wp\/v2\/users\/1"}],"replies":[{"embeddable":true,"href":"https:\/\/seineetoisecontrole.fr\/index.php\/wp-json\/wp\/v2\/comments?post=12"}],"version-history":[{"count":3,"href":"https:\/\/seineetoisecontrole.fr\/index.php\/wp-json\/wp\/v2\/pages\/12\/revisions"}],"predecessor-version":[{"id":17,"href":"https:\/\/seineetoisecontrole.fr\/index.php\/wp-json\/wp\/v2\/pages\/12\/revisions\/17"}],"wp:attachment":[{"href":"https:\/\/seineetoisecontrole.fr\/index.php\/wp-json\/wp\/v2\/media?parent=12"}],"curies":[{"name":"wp","href":"https:\/\/api.w.org\/{rel}","templated":true}]}}